{"id":2790,"date":"2026-03-11T00:56:38","date_gmt":"2026-03-11T00:56:38","guid":{"rendered":"https:\/\/laensenadapolo.com\/?page_id=2790"},"modified":"2026-03-12T12:48:35","modified_gmt":"2026-03-12T12:48:35","slug":"faqs","status":"publish","type":"page","link":"https:\/\/laensenadapolo.com\/en\/faqs\/","title":{"rendered":"FAQs"},"content":{"rendered":"<p>[et_pb_section fb_built=&#8221;1&#8243; fullwidth=&#8221;on&#8221; _builder_version=&#8221;4.27.6&#8243; _module_preset=&#8221;default&#8221; global_colors_info=&#8221;{}&#8221;][et_pb_fullwidth_header title=&#8221;Preguntas Frecuentes sobre la Venta y Cr\u00eda de Caballos de Polo&#8221; subhead=&#8221;Todo sobre la Compra de Caballos de Polo en Argentina&#8221; header_fullscreen=&#8221;on&#8221; background_overlay_color=&#8221;rgba(29,31,30,0.28)&#8221; content_orientation=&#8221;bottom&#8221; _builder_version=&#8221;4.27.6&#8243; _module_preset=&#8221;default&#8221; title_font=&#8221;TT Travels Bold||||||||&#8221; title_text_align=&#8221;left&#8221; title_font_size=&#8221;36px&#8221; background_enable_color=&#8221;off&#8221; background_image=&#8221;https:\/\/laensenadapolo.com\/wp-content\/uploads\/2026\/01\/DJI_0007-scaled.jpg&#8221; background_position=&#8221;top_center&#8221; background_vertical_offset=&#8221;0%&#8221; background_blend=&#8221;darken&#8221; position_origin_r=&#8221;bottom_left&#8221; module_alignment=&#8221;left&#8221; min_height=&#8221;100px&#8221; height=&#8221;345px&#8221; custom_padding=&#8221;||0px|||&#8221; global_colors_info=&#8221;{}&#8221;][\/et_pb_fullwidth_header][\/et_pb_section][et_pb_section fb_built=&#8221;1&#8243; _builder_version=&#8221;4.27.6&#8243; _module_preset=&#8221;default&#8221; global_colors_info=&#8221;{}&#8221;][et_pb_row _builder_version=&#8221;4.27.6&#8243; _module_preset=&#8221;default&#8221; global_colors_info=&#8221;{}&#8221;][et_pb_column type=&#8221;4_4&#8243; _builder_version=&#8221;4.27.6&#8243; _module_preset=&#8221;default&#8221; global_colors_info=&#8221;{}&#8221;][dsm_faq dsm_open_faq_item=&#8221;on&#8221; dsm_enable_schema_markup=&#8221;on&#8221; dsm_animate_icon=&#8221;on&#8221; admin_label=&#8221;Supreme Faq&#8221; _builder_version=&#8221;4.27.6&#8243; _module_preset=&#8221;default&#8221; global_colors_info=&#8221;{}&#8221;][dsm_faq_child dsm_title=&#8221;\u00bfCu\u00e1l es el precio de un caballo de polo en Argentina?&#8221; dsm_content=&#8221;<\/p>\n<p><span style=%22font-weight: 400;%22>El valor de un caballo de polo var\u00eda seg\u00fan su edad, nivel de entrenamiento y l\u00ednea gen\u00e9tica.<\/span><\/p>\n<p><span style=%22font-weight: 400;%22>En La Ensenada trabajamos con ejemplares en distintas etapas de desarrollo: desde caballos formados para jugadores principiantes y amateurs hasta caballos preparados para competir en alto nivel.<\/span><\/p>\n<p><span style=%22font-weight: 400;%22>Para recibir informaci\u00f3n actualizada y asesoramiento personalizado, pod\u00e9s <a href=%22https:\/\/laensenadapolo.com\/#contacto%22 data-et-target-link=%22_blank%22 rel=%22noopener%22><span style=%22text-decoration: underline; color: #333333;%22>contactarnos<\/span><\/a>.<\/span><\/p>\n<p>&#8221; _builder_version=&#8221;4.27.6&#8243; _module_preset=&#8221;default&#8221; global_colors_info=&#8221;{}&#8221; parentOrderClass=&#8221;dsm_faq_0&#8243;][\/dsm_faq_child][dsm_faq_child dsm_title=&#8221;\u00bfD\u00f3nde comprar caballos de polo de alto rendimiento en Buenos Aires?&#8221; dsm_content=&#8221;<\/p>\n<p><span style=%22font-weight: 400;%22>La compra de un caballo de polo requiere experiencia y la posibilidad de evaluarlo en condiciones reales de juego.<\/span><\/p>\n<p><span style=%22font-weight: 400;%22>La Ensenada Polo Club est\u00e1 ubicado en Luj\u00e1n, provincia de Buenos Aires, una zona central para el polo argentino. Contamos con instalaciones donde los interesados pueden conocer y probar los caballos en cancha, con acompa\u00f1amiento durante todo el proceso.<\/span><\/p>\n<p>&#8221; _builder_version=&#8221;4.27.6&#8243; _module_preset=&#8221;default&#8221; global_colors_info=&#8221;{}&#8221; parentOrderClass=&#8221;dsm_faq_0&#8243;][\/dsm_faq_child][dsm_faq_child dsm_title=&#8221;\u00bfCu\u00e1nto cuesta clonar un caballo de polo y qu\u00e9 factores influyen?&#8221; dsm_content=&#8221;<\/p>\n<p><span style=%22font-weight: 400;%22>La clonaci\u00f3n equina permite preservar l\u00edneas gen\u00e9ticas de alto valor deportivo. El proceso involucra tecnolog\u00eda especializada, manejo reproductivo y seguimiento veterinario durante la gestaci\u00f3n.En La Ensenada desarrollamos programas de clonaci\u00f3n enfocados en el cuidado del proceso y en el correcto desarrollo del potrillo, manteniendo las caracter\u00edsticas gen\u00e9ticas del ejemplar original.<\/span><\/p>\n<p>&#8221; _builder_version=&#8221;4.27.6&#8243; _module_preset=&#8221;default&#8221; global_colors_info=&#8221;{}&#8221; parentOrderClass=&#8221;dsm_faq_0&#8243;][\/dsm_faq_child][dsm_faq_child dsm_title=&#8221;\u00bfC\u00f3mo se clona un caballo de polo y cu\u00e1nto dura el proceso?&#8221; dsm_content=&#8221;<\/p>\n<p><span style=%22font-weight: 400;%22>El proceso de clonaci\u00f3n equina comienza con la obtenci\u00f3n de una muestra de tejido del animal original. Mediante transferencia nuclear de c\u00e9lulas som\u00e1ticas, se crea un embri\u00f3n que se implanta en una madre receptora. <\/span><span style=%22font-weight: 400;%22><br \/><\/span><span style=%22font-weight: 400;%22>El periodo de gestaci\u00f3n es de aproximadamente 11 meses, seguido de un riguroso programa de cr\u00eda y desarrollo de varios a\u00f1os para que el clon alcance su m\u00e1ximo rendimiento en el Polo Argentino.<\/span><\/p>\n<p>&#8221; _builder_version=&#8221;4.27.6&#8243; _module_preset=&#8221;default&#8221; global_colors_info=&#8221;{}&#8221; parentOrderClass=&#8221;dsm_faq_0&#8243;][\/dsm_faq_child][dsm_faq_child dsm_title=&#8221;\u00bfEs legal que los caballos clonados compitan en torneos oficiales?&#8221; dsm_content=&#8221;<\/p>\n<p><span style=%22font-weight: 400;%22>S\u00ed. En Argentina, los caballos clonados pueden registrarse y competir oficialmente.<\/span><span style=%22font-weight: 400;%22><br \/><\/span><span style=%22font-weight: 400;%22>La Asociaci\u00f3n Argentina de Criadores de Caballos de Polo (AACCP) permite la inscripci\u00f3n de ejemplares clonados dentro del reglamento vigente, lo que habilita su participaci\u00f3n en torneos de alto nivel, incluida la Triple Corona del Polo Argentino.<\/span><\/p>\n<p>&#8221; _builder_version=&#8221;4.27.6&#8243; _module_preset=&#8221;default&#8221; global_colors_info=&#8221;{}&#8221; parentOrderClass=&#8221;dsm_faq_0&#8243;][\/dsm_faq_child][dsm_faq_child dsm_title=&#8221;\u00bfQu\u00e9 ventajas competitivas ofrece un caballo clonado a un Polo Team?&#8221; dsm_content=&#8221;<\/p>\n<p><span style=%22font-weight: 400;%22>La clonaci\u00f3n permite replicar la gen\u00e9tica de un ejemplar con rendimiento comprobado. Esto facilita la continuidad de caracter\u00edsticas como temperamento, agilidad y velocidad.<\/span><span style=%22font-weight: 400;%22><br \/><\/span><span style=%22font-weight: 400;%22>De todos modos, el desarrollo deportivo depender\u00e1 siempre del manejo, el entrenamiento y la adaptaci\u00f3n al equipo.<\/span><\/p>\n<p>&#8221; _builder_version=&#8221;4.27.6&#8243; _module_preset=&#8221;default&#8221; global_colors_info=&#8221;{}&#8221; parentOrderClass=&#8221;dsm_faq_0&#8243;][\/dsm_faq_child][dsm_faq_child dsm_title=&#8221;\u00bfD\u00f3nde se realiza la clonaci\u00f3n de caballos en Argentina con est\u00e1ndares internacionales?&#8221; dsm_content=&#8221;<\/p>\n<p><span style=%22font-weight: 400;%22>Argentina cuenta con un desarrollo avanzado en biotecnolog\u00eda equina aplicada al deporte.<\/span><span style=%22font-weight: 400;%22><br \/><\/span><span style=%22font-weight: 400;%22>En La Ensenada Polo Club, en Luj\u00e1n, integramos procesos reproductivos, seguimiento veterinario y programas de crianza dentro de una misma estructura, trabajando bajo est\u00e1ndares t\u00e9cnicos acordes a la pr\u00e1ctica internacional.<\/span><\/p>\n<p>&#8221; _builder_version=&#8221;4.27.6&#8243; _module_preset=&#8221;default&#8221; global_colors_info=&#8221;{}&#8221; parentOrderClass=&#8221;dsm_faq_0&#8243;][\/dsm_faq_child][dsm_faq_child dsm_title=&#8221;\u00bfSe pueden clonar caballos de polo campeones de la Triple Corona?&#8221; dsm_content=&#8221;<\/p>\n<p><span style=%22font-weight: 400;%22>S\u00ed. La clonaci\u00f3n permite preservar l\u00edneas gen\u00e9ticas de ejemplares que hayan competido en torneos de m\u00e1ximo nivel como la Triple Corona del Polo Argentino (Tortugas, Hurlingham y Palermo).<\/span><span style=%22font-weight: 400;%22><br \/><\/span><span style=%22font-weight: 400;%22>Este recurso es especialmente relevante en el caso de yeguas destacadas, cuya gen\u00e9tica puede proyectarse en nuevas generaciones.<\/span><\/p>\n<p>&#8221; _builder_version=&#8221;4.27.6&#8243; _module_preset=&#8221;default&#8221; global_colors_info=&#8221;{}&#8221; parentOrderClass=&#8221;dsm_faq_0&#8243;][\/dsm_faq_child][dsm_faq_child dsm_title=&#8221;\u00bfQu\u00e9 es la raza Polo Argentino y por qu\u00e9 es la mejor para el deporte?&#8221; dsm_content=&#8221;<\/p>\n<p><span style=%22font-weight: 400;%22>El Polo Argentino es una raza desarrollada espec\u00edficamente para el alto rendimiento en este deporte. Surge de d\u00e9cadas de selecci\u00f3n gen\u00e9tica, combinando la resistencia del criollo con la velocidad del Pura Sangre de carrera.<\/span><span style=%22font-weight: 400;%22><br \/><\/span><span style=%22font-weight: 400;%22>Es reconocida por su agilidad, equilibrio y capacidad de respuesta, cualidades fundamentales para la competencia.<\/span><\/p>\n<p>&#8221; _builder_version=&#8221;4.27.6&#8243; _module_preset=&#8221;default&#8221; global_colors_info=&#8221;{}&#8221; parentOrderClass=&#8221;dsm_faq_0&#8243;][\/dsm_faq_child][dsm_faq_child dsm_title=&#8221;\u00bfC\u00f3mo puedo visitar La Ensenada Polo Club para probar un caballo?&#8221; dsm_content=&#8221;<\/p>\n<p><span style=%22font-weight: 400;%22>Para coordinar una visita a nuestras instalaciones en Luj\u00e1n, pod\u00e9s completar el formulario de <a href=%22https:\/\/laensenadapolo.com\/#contacto%22 data-et-target-link=%22_blank%22 rel=%22noopener%22>contacto<\/a> o enviarnos un correo electr\u00f3nico.<\/span><\/p>\n<p><span style=%22font-weight: 400;%22>Recibimos visitas durante toda la temporada, en un entorno profesional que permite conocer nuestra cr\u00eda y evaluar los caballos disponibles.<\/span><\/p>\n<p>&#8221; _builder_version=&#8221;4.27.6&#8243; _module_preset=&#8221;default&#8221; global_colors_info=&#8221;{}&#8221; parentOrderClass=&#8221;dsm_faq_0&#8243;][\/dsm_faq_child][\/dsm_faq][\/et_pb_column][\/et_pb_row][\/et_pb_section]<\/p>\n","protected":false},"excerpt":{"rendered":"<p><div class=\"et_pb_module dsm_faq dsm_faq_0\">\n\t\t\t\t\n\t\t\t\t\n\t\t\t\t\n\t\t\t\t\n\t\t\t\t\n\t\t\t\t\n\t\t\t\t<div class=\"et_pb_module_inner\">\n\t\t\t\t\t<div class=\"dsm-faq-container dsm-front\" data-accordion=\"off\" data-open_first_item=\"on\">\n\t\t\t\t\n\t\t\t <\/div>\n\t\t\t \n\t\t\t\n\t\t\t\t<\/div>\n\t\t\t<\/div><div class=\"dsm_faq_child_0 dsm-faq-item-wrapper\">\n\t\t\t\t<div class=\"dsm-title-wrapper\">\n\t\t\t\t <div class=\"dsm-title-inner-wrapper\">\n\t\t\t\t   <div class=\"dsm_open_icon\"><span>K<\/span><\/div>\n\t\t\t\t   <div class=\"dsm_close_icon\"><span>L<\/span><\/div>\n\t\t\t\t   \n\t\t\t\t   \n\t\t\t\t   <h5 class=\"dsm-faq-title\">\u00bfCu\u00e1l es el precio de un caballo de polo en Argentina?<\/h5>\n\t\t\t\t <\/div> \n\t\t\t\t <div class=\"dsm-faq-item-inner-wrapper\">\n\t\t\t\t   \n\t\t\t\t   \n\t\t\t\t   \n\t\t\t\t   \n\t\t\t\t <\/div>\n\t\t\t\t<\/div>\n\t\t\t\t<div class=\"dsm-faq-content\">El valor de un caballo de polo var\u00eda seg\u00fan su edad, nivel de entrenamiento y l\u00ednea gen\u00e9tica. En La Ensenada trabajamos con ejemplares en distintas etapas de desarrollo: desde caballos formados para jugadores principiantes y amateurs hasta caballos preparados para competir en alto nivel. Para recibir informaci\u00f3n actualizada y asesoramiento personalizado, pod\u00e9s contactarnos.<\/div>\n\t\t\t <\/div>\n\t\t\t<div class=\"dsm_faq_child_1 dsm-faq-item-wrapper\">\n\t\t\t\t<div class=\"dsm-title-wrapper\">\n\t\t\t\t <div class=\"dsm-title-inner-wrapper\">\n\t\t\t\t   <div class=\"dsm_open_icon\"><span>K<\/span><\/div>\n\t\t\t\t   <div class=\"dsm_close_icon\"><span>L<\/span><\/div>\n\t\t\t\t   \n\t\t\t\t   \n\t\t\t\t   <h5 class=\"dsm-faq-title\">\u00bfD\u00f3nde comprar caballos de polo de alto rendimiento en Buenos Aires?<\/h5>\n\t\t\t\t <\/div> \n\t\t\t\t <div class=\"dsm-faq-item-inner-wrapper\">\n\t\t\t\t   \n\t\t\t\t   \n\t\t\t\t   \n\t\t\t\t   \n\t\t\t\t <\/div>\n\t\t\t\t<\/div>\n\t\t\t\t<div class=\"dsm-faq-content\">La compra de un caballo de polo requiere experiencia y la posibilidad de evaluarlo en condiciones reales de juego. La Ensenada Polo Club est\u00e1 ubicado en Luj\u00e1n, provincia de Buenos Aires, una zona central para el polo argentino. Contamos con instalaciones donde los interesados pueden conocer y probar los caballos en cancha, con acompa\u00f1amiento durante todo el proceso.<\/div>\n\t\t\t <\/div>\n\t\t\t<div class=\"dsm_faq_child_2 dsm-faq-item-wrapper\">\n\t\t\t\t<div class=\"dsm-title-wrapper\">\n\t\t\t\t <div class=\"dsm-title-inner-wrapper\">\n\t\t\t\t   <div class=\"dsm_open_icon\"><span>K<\/span><\/div>\n\t\t\t\t   <div class=\"dsm_close_icon\"><span>L<\/span><\/div>\n\t\t\t\t   \n\t\t\t\t   \n\t\t\t\t   <h5 class=\"dsm-faq-title\">&#8221;\u00bfCu\u00e1nto<\/h5>\n\t\t\t\t <\/div> \n\t\t\t\t <div class=\"dsm-faq-item-inner-wrapper\">\n\t\t\t\t   \n\t\t\t\t   \n\t\t\t\t   \n\t\t\t\t   \n\t\t\t\t <\/div>\n\t\t\t\t<\/div>\n\t\t\t\t<div class=\"dsm-faq-content\">&#8221;La<\/div>\n\t\t\t <\/div>\n\t\t\t<\/p>","protected":false},"author":3,"featured_media":0,"parent":0,"menu_order":0,"comment_status":"closed","ping_status":"closed","template":"","meta":{"_acf_changed":false,"_et_pb_use_builder":"on","_et_pb_old_content":"","_et_gb_content_width":"","footnotes":""},"dipi_cpt_category":[],"class_list":["post-2790","page","type-page","status-publish","hentry"],"acf":[],"_links":{"self":[{"href":"https:\/\/laensenadapolo.com\/en\/wp-json\/wp\/v2\/pages\/2790","targetHints":{"allow":["GET"]}}],"collection":[{"href":"https:\/\/laensenadapolo.com\/en\/wp-json\/wp\/v2\/pages"}],"about":[{"href":"https:\/\/laensenadapolo.com\/en\/wp-json\/wp\/v2\/types\/page"}],"author":[{"embeddable":true,"href":"https:\/\/laensenadapolo.com\/en\/wp-json\/wp\/v2\/users\/3"}],"replies":[{"embeddable":true,"href":"https:\/\/laensenadapolo.com\/en\/wp-json\/wp\/v2\/comments?post=2790"}],"version-history":[{"count":16,"href":"https:\/\/laensenadapolo.com\/en\/wp-json\/wp\/v2\/pages\/2790\/revisions"}],"predecessor-version":[{"id":2852,"href":"https:\/\/laensenadapolo.com\/en\/wp-json\/wp\/v2\/pages\/2790\/revisions\/2852"}],"wp:attachment":[{"href":"https:\/\/laensenadapolo.com\/en\/wp-json\/wp\/v2\/media?parent=2790"}],"wp:term":[{"taxonomy":"dipi_cpt_category","embeddable":true,"href":"https:\/\/laensenadapolo.com\/en\/wp-json\/wp\/v2\/dipi_cpt_category?post=2790"}],"curies":[{"name":"wp","href":"https:\/\/api.w.org\/{rel}","templated":true}]}}