{"id":998,"date":"2023-05-08T19:38:42","date_gmt":"2023-05-08T19:38:42","guid":{"rendered":"https:\/?page_id=998"},"modified":"2025-05-15T14:47:49","modified_gmt":"2025-05-15T14:47:49","slug":"tecnologia","status":"publish","type":"page","link":"https:\/\/laensenadapolo.com\/en\/tecnologia\/","title":{"rendered":"Tecnolog\u00eda"},"content":{"rendered":"<p>[et_pb_section fb_built=&#8221;1&#8243; fullwidth=&#8221;on&#8221; _builder_version=&#8221;4.27.4&#8243; _module_preset=&#8221;default&#8221; background_image=&#8221;https:\/\/laensenadapolo.com\/wp-content\/uploads\/2025\/05\/hero-tecnologia.webp&#8221; hover_enabled=&#8221;0&#8243; global_colors_info=&#8221;{}&#8221; alt=&#8221;la ensenada vista a\u00e9rea, tecnolog\u00eda caballos&#8221; title_text=&#8221;hero-tecnologia&#8221; sticky_enabled=&#8221;0&#8243;][et_pb_fullwidth_header title=&#8221;Tecnolog\u00eda &#8221; header_fullscreen=&#8221;on&#8221; button_one_text=&#8221;Nuestras Cr\u00edas &#8221; button_one_url=&#8221;@ET-DC@eyJkeW5hbWljIjp0cnVlLCJjb250ZW50IjoicG9zdF9saW5rX3VybF9wYWdlIiwic2V0dGluZ3MiOnsicG9zdF9pZCI6IjEyMjAifX0=@&#8221; background_overlay_color=&#8221;RGBA(255,255,255,0)&#8221; content_orientation=&#8221;bottom&#8221; disabled_on=&#8221;on|on|off&#8221; _builder_version=&#8221;4.27.4&#8243; _dynamic_attributes=&#8221;button_one_url&#8221; _module_preset=&#8221;default&#8221; title_font=&#8221;&#8211;et_global_heading_font||||||||&#8221; title_font_size=&#8221;52px&#8221; content_font=&#8221;&#8211;et_global_body_font|&#8211;et_global_heading_font_weight|||||||&#8221; content_font_size=&#8221;18px&#8221; background_enable_color=&#8221;off&#8221; use_background_color_gradient=&#8221;on&#8221; background_color_gradient_stops=&#8221;rgba(255,255,255,0) 41%|#0a0a0a 100%&#8221; border_color_all=&#8221;RGBA(255,255,255,0)&#8221; border_color_all_image=&#8221;RGBA(255,255,255,0)&#8221; border_style_all_image=&#8221;none&#8221; global_colors_info=&#8221;{}&#8221;]<\/p>\n<p><span>En La Ensenada, estamos comprometidos con la utilizaci\u00f3n de la tecnolog\u00eda m\u00e1s avanzada en todos nuestros procesos. Desde la cr\u00eda de caballos hasta el cuidado de los espacios, utilizamos tecnolog\u00eda de \u00faltima generaci\u00f3n para mejorar la eficiencia y la calidad de nuestro trabajo. Nos aseguramos de que nuestras instalaciones est\u00e9n equipadas con la \u00faltima tecnolog\u00eda.<\/span><\/p>\n<p>[\/et_pb_fullwidth_header][\/et_pb_section][et_pb_section fb_built=&#8221;1&#8243; fullwidth=&#8221;on&#8221; disabled_on=&#8221;off|off|on&#8221; _builder_version=&#8221;4.27.4&#8243; _module_preset=&#8221;default&#8221; global_colors_info=&#8221;{}&#8221;][et_pb_fullwidth_header title=&#8221;Tecnolog\u00eda&#8221; button_one_text=&#8221;Nuestras Cr\u00edas &#8221; button_one_url=&#8221;@ET-DC@eyJkeW5hbWljIjp0cnVlLCJjb250ZW50IjoicG9zdF9saW5rX3VybF9wYWdlIiwic2V0dGluZ3MiOnsicG9zdF9pZCI6IjEyMjAifX0=@&#8221; _builder_version=&#8221;4.27.4&#8243; _dynamic_attributes=&#8221;button_one_url&#8221; _module_preset=&#8221;default&#8221; global_colors_info=&#8221;{}&#8221;]<\/p>\n<p><span>En La Ensenada, estamos comprometidos con la utilizaci\u00f3n de la tecnolog\u00eda m\u00e1s avanzada en todos nuestros procesos. Desde la cr\u00eda de caballos hasta el cuidado de los espacios, utilizamos tecnolog\u00eda de \u00faltima generaci\u00f3n para mejorar la eficiencia y la calidad de nuestro trabajo. Nos aseguramos de que nuestras instalaciones est\u00e9n equipadas con la \u00faltima tecnolog\u00eda.<\/span><\/p>\n<p>[\/et_pb_fullwidth_header][\/et_pb_section][et_pb_section fb_built=&#8221;1&#8243; _builder_version=&#8221;4.27.4&#8243; _module_preset=&#8221;default&#8221; use_background_color_gradient=&#8221;on&#8221; background_color_gradient_stops=&#8221;#0a0a0a 9%|rgba(255,255,255,0) 9%&#8221; z_index=&#8221;-10&#8243; custom_margin=&#8221;-10px|0px|0px|0px|false|false&#8221; custom_margin_tablet=&#8221;0px|0px|0px|0px|false|false&#8221; custom_margin_phone=&#8221;-5px|0px|0px|0px|false|false&#8221; custom_margin_last_edited=&#8221;on|phone&#8221; custom_padding=&#8221;0px|0px|0px|0px|false|false&#8221; background_last_edited=&#8221;on|phone&#8221; use_background_color_gradient_phone=&#8221;on&#8221; background_color_gradient_stops_phone=&#8221;#1a1a1a 6%|#ffffff 6%&#8221; global_colors_info=&#8221;{}&#8221;][et_pb_row use_custom_gutter=&#8221;on&#8221; gutter_width=&#8221;1&#8243; make_equal=&#8221;on&#8221; _builder_version=&#8221;4.27.4&#8243; _module_preset=&#8221;default&#8221; width=&#8221;100%&#8221; max_width=&#8221;100%&#8221; module_alignment=&#8221;center&#8221; global_colors_info=&#8221;{}&#8221;][et_pb_column type=&#8221;4_4&#8243; _builder_version=&#8221;4.17.4&#8243; _module_preset=&#8221;default&#8221; global_colors_info=&#8221;{}&#8221;][dipi_tile_scroll start_row_direction=&#8221;right&#8221; scroll_container_width=&#8221;100%&#8221; space_lines=&#8221;0px&#8221; cotent_bg_blur=&#8221;0px&#8221; _builder_version=&#8221;4.21.0&#8243; _module_preset=&#8221;default&#8221; global_colors_info=&#8221;{}&#8221;][dipi_tile_scroll_item gallery_ids=&#8221;1002,1003,1004,1006&#8243; _builder_version=&#8221;4.21.0&#8243; _module_preset=&#8221;default&#8221; width=&#8221;400px&#8221; width_tablet=&#8221;400px&#8221; width_phone=&#8221;150px&#8221; width_last_edited=&#8221;on|phone&#8221; height=&#8221;400px&#8221; height_tablet=&#8221;400px&#8221; height_phone=&#8221;150px&#8221; height_last_edited=&#8221;on|phone&#8221; global_colors_info=&#8221;{}&#8221;][\/dipi_tile_scroll_item][\/dipi_tile_scroll][\/et_pb_column][\/et_pb_row][et_pb_row custom_padding_last_edited=&#8221;on|phone&#8221; _builder_version=&#8221;4.17.4&#8243; _module_preset=&#8221;default&#8221; width=&#8221;70%&#8221; width_tablet=&#8221;70%&#8221; width_phone=&#8221;90%&#8221; width_last_edited=&#8221;on|phone&#8221; custom_padding=&#8221;125px||150px||false|false&#8221; custom_padding_tablet=&#8221;125px||150px||false|false&#8221; custom_padding_phone=&#8221;50px||90px||false|false&#8221; global_colors_info=&#8221;{}&#8221;][et_pb_column type=&#8221;4_4&#8243; _builder_version=&#8221;4.17.4&#8243; _module_preset=&#8221;default&#8221; global_colors_info=&#8221;{}&#8221;][et_pb_text _builder_version=&#8221;4.27.4&#8243; _module_preset=&#8221;default&#8221; text_font=&#8221;&#8211;et_global_body_font||||||||&#8221; text_text_color=&#8221;#1A1A1A&#8221; text_font_size=&#8221;26px&#8221; text_line_height=&#8221;1em&#8221; text_orientation=&#8221;center&#8221; width_tablet=&#8221;&#8221; width_phone=&#8221;100%&#8221; width_last_edited=&#8221;on|phone&#8221; custom_padding_tablet=&#8221;&#8221; custom_padding_phone=&#8221;0px||0px||true|false&#8221; custom_padding_last_edited=&#8221;on|phone&#8221; animation_style=&#8221;slide&#8221; animation_direction=&#8221;bottom&#8221; animation_duration=&#8221;1500ms&#8221; animation_intensity_slide=&#8221;15%&#8221; text_font_size_tablet=&#8221;70px&#8221; text_font_size_phone=&#8221;24px&#8221; text_font_size_last_edited=&#8221;on|phone&#8221; text_orientation_tablet=&#8221;&#8221; text_orientation_phone=&#8221;center&#8221; text_orientation_last_edited=&#8221;on|phone&#8221; module_alignment_tablet=&#8221;&#8221; module_alignment_phone=&#8221;center&#8221; module_alignment_last_edited=&#8221;on|phone&#8221; locked=&#8221;off&#8221; global_colors_info=&#8221;{}&#8221;]<\/p>\n<p><strong>Centro de neonatolog\u00eda<\/strong>:<span>\u00a0nos involucramos en cada etapa temprana del desarrollo. Brindamos una <\/span><span><strong>gesti\u00f3n integral desde el nacimiento hasta el destete<\/strong><\/span><span>, con atenci\u00f3n veterinaria especializada y protocolos personalizados para cada potrillo.<\/span><\/p>\n<p><span>Este enfoque permite detectar y tratar cualquier necesidad desde el inicio, asegurando que cada cr\u00eda se desarrolle en condiciones \u00f3ptimas. Los amplios espacios verdes completan un entorno ideal para su crecimiento f\u00edsico y social.<\/span><\/p>\n<p>[\/et_pb_text][\/et_pb_column][\/et_pb_row][et_pb_row column_structure=&#8221;1_2,1_2&#8243; use_custom_gutter=&#8221;on&#8221; gutter_width=&#8221;1&#8243; make_equal=&#8221;on&#8221; disabled_on=&#8221;off|off|off&#8221; module_id=&#8221;contacto&#8221; _builder_version=&#8221;4.17.4&#8243; _module_preset=&#8221;default&#8221; width=&#8221;100%&#8221; max_width=&#8221;100%&#8221; module_alignment=&#8221;center&#8221; custom_margin=&#8221;0px|0px|0px|0px|false|false&#8221; custom_padding=&#8221;0px|0px|0px|0px|false|false&#8221; locked=&#8221;off&#8221; global_colors_info=&#8221;{}&#8221;][et_pb_column type=&#8221;1_2&#8243; _builder_version=&#8221;4.17.3&#8243; _module_preset=&#8221;default&#8221; background_image=&#8221;https:\/\/laensenadapolo.com\/wp-content\/uploads\/2022\/05\/Fondo-contacto.jpg&#8221; global_colors_info=&#8221;{}&#8221;][et_pb_text _builder_version=&#8221;4.17.4&#8243; _module_preset=&#8221;default&#8221; text_font=&#8221;TT Travels Regular|||on|||||&#8221; text_text_color=&#8221;rgba(255,255,255,0.37)&#8221; text_font_size=&#8221;20px&#8221; text_line_height=&#8221;1em&#8221; width_tablet=&#8221;&#8221; width_phone=&#8221;90%&#8221; width_last_edited=&#8221;on|phone&#8221; custom_margin=&#8221;70px||||false|false&#8221; custom_padding=&#8221;|4vw||4vw|true|true&#8221; custom_padding_tablet=&#8221;|4vw||4vw|true|true&#8221; custom_padding_phone=&#8221;|0px||0px|true|true&#8221; custom_padding_last_edited=&#8221;on|phone&#8221; animation_style=&#8221;slide&#8221; animation_direction=&#8221;bottom&#8221; animation_duration=&#8221;1500ms&#8221; animation_intensity_slide=&#8221;15%&#8221; module_alignment_tablet=&#8221;&#8221; module_alignment_phone=&#8221;center&#8221; module_alignment_last_edited=&#8221;on|phone&#8221; locked=&#8221;off&#8221; global_colors_info=&#8221;{}&#8221;]<\/p>\n<p>Contacto<\/p>\n<p>[\/et_pb_text][et_pb_text _builder_version=&#8221;4.17.4&#8243; _module_preset=&#8221;default&#8221; text_font=&#8221;TT Travels Demi Bold|||on|||||&#8221; text_text_color=&#8221;#FFFFFF&#8221; text_font_size=&#8221;37px&#8221; text_line_height=&#8221;1em&#8221; width_tablet=&#8221;&#8221; width_phone=&#8221;90%&#8221; width_last_edited=&#8221;on|phone&#8221; custom_margin=&#8221;30px||||false|false&#8221; custom_padding=&#8221;|4vw||4vw|true|true&#8221; custom_padding_tablet=&#8221;|4vw||4vw|true|true&#8221; custom_padding_phone=&#8221;|0px||0px|true|true&#8221; custom_padding_last_edited=&#8221;on|phone&#8221; animation_style=&#8221;slide&#8221; animation_direction=&#8221;bottom&#8221; animation_duration=&#8221;1500ms&#8221; animation_intensity_slide=&#8221;15%&#8221; module_alignment_tablet=&#8221;&#8221; module_alignment_phone=&#8221;center&#8221; module_alignment_last_edited=&#8221;on|phone&#8221; custom_css_main_element=&#8221;cursor: pointer;&#8221; global_colors_info=&#8221;{}&#8221;]<\/p>\n<p>Pasi\u00f3n por lo que hacemos.<br \/>Dejanos tu consulta.<\/p>\n<p>[\/et_pb_text][et_pb_contact_form captcha=&#8221;off&#8221; _builder_version=&#8221;4.17.4&#8243; _module_preset=&#8221;default&#8221; _unique_id=&#8221;6d46c7d0-8634-4478-bf22-54d1e12ba8a6&#8243; form_field_background_color=&#8221;RGBA(255,255,255,0)&#8221; form_field_text_color=&#8221;#FFFFFF&#8221; form_field_focus_background_color=&#8221;RGBA(255,255,255,0)&#8221; form_field_focus_text_color=&#8221;#FFFFFF&#8221; form_field_custom_margin=&#8221;|0px|20px|0px|false|false&#8221; form_field_custom_padding=&#8221;0px|0px|10px|0px|false|false&#8221; form_field_font=&#8221;TT Travels Regular||||||||&#8221; form_field_text_align=&#8221;left&#8221; form_field_font_size=&#8221;16px&#8221; custom_button=&#8221;on&#8221; button_text_size=&#8221;16px&#8221; button_text_color=&#8221;#1A1A1A&#8221; button_bg_color=&#8221;#FFFFFF&#8221; button_border_width=&#8221;0px&#8221; button_border_color=&#8221;RGBA(255,255,255,0)&#8221; button_border_radius=&#8221;0px&#8221; button_font=&#8221;Arimo|||on|||||&#8221; button_use_icon=&#8221;off&#8221; button_custom_padding=&#8221;|30px||30px|false|true&#8221; text_orientation=&#8221;left&#8221; width_tablet=&#8221;&#8221; width_phone=&#8221;90%&#8221; width_last_edited=&#8221;on|phone&#8221; custom_margin=&#8221;50px||70px||false|false&#8221; custom_padding=&#8221;|4vw||4vw|false|true&#8221; custom_padding_tablet=&#8221;|4vw||4vw|false|true&#8221; custom_padding_phone=&#8221;|0px||0px|false|true&#8221; custom_padding_last_edited=&#8221;on|phone&#8221; module_alignment_tablet=&#8221;&#8221; module_alignment_phone=&#8221;center&#8221; module_alignment_last_edited=&#8221;on|phone&#8221; border_width_bottom=&#8221;2px&#8221; border_color_bottom=&#8221;#FFFFFF&#8221; global_colors_info=&#8221;{}&#8221; button_bg_color__hover_enabled=&#8221;on|desktop&#8221; button_bg_color__hover=&#8221;#1A1A1A&#8221; button_bg_enable_color__hover=&#8221;on&#8221; button_text_color__hover_enabled=&#8221;on|desktop&#8221; button_text_color__hover=&#8221;#FFFFFF&#8221;][et_pb_contact_field field_id=&#8221;Nombre&#8221; field_title=&#8221;Nombre&#8221; _builder_version=&#8221;4.17.3&#8243; global_colors_info=&#8221;{}&#8221; button_text_size__hover_enabled=&#8221;off&#8221; button_one_text_size__hover_enabled=&#8221;off&#8221; button_two_text_size__hover_enabled=&#8221;off&#8221; button_text_color__hover_enabled=&#8221;off&#8221; button_one_text_color__hover_enabled=&#8221;off&#8221; button_two_text_color__hover_enabled=&#8221;off&#8221; button_border_width__hover_enabled=&#8221;off&#8221; button_one_border_width__hover_enabled=&#8221;off&#8221; button_two_border_width__hover_enabled=&#8221;off&#8221; button_border_color__hover_enabled=&#8221;off&#8221; button_one_border_color__hover_enabled=&#8221;off&#8221; button_two_border_color__hover_enabled=&#8221;off&#8221; button_border_radius__hover_enabled=&#8221;off&#8221; button_one_border_radius__hover_enabled=&#8221;off&#8221; button_two_border_radius__hover_enabled=&#8221;off&#8221; button_letter_spacing__hover_enabled=&#8221;off&#8221; button_one_letter_spacing__hover_enabled=&#8221;off&#8221; button_two_letter_spacing__hover_enabled=&#8221;off&#8221; button_bg_color__hover_enabled=&#8221;off&#8221; button_one_bg_color__hover_enabled=&#8221;off&#8221; button_two_bg_color__hover_enabled=&#8221;off&#8221;][\/et_pb_contact_field][et_pb_contact_field field_id=&#8221;Apellido&#8221; field_title=&#8221;Apellido&#8221; _builder_version=&#8221;4.17.3&#8243; global_colors_info=&#8221;{}&#8221; button_text_size__hover_enabled=&#8221;off&#8221; button_one_text_size__hover_enabled=&#8221;off&#8221; button_two_text_size__hover_enabled=&#8221;off&#8221; button_text_color__hover_enabled=&#8221;off&#8221; button_one_text_color__hover_enabled=&#8221;off&#8221; button_two_text_color__hover_enabled=&#8221;off&#8221; button_border_width__hover_enabled=&#8221;off&#8221; button_one_border_width__hover_enabled=&#8221;off&#8221; button_two_border_width__hover_enabled=&#8221;off&#8221; button_border_color__hover_enabled=&#8221;off&#8221; button_one_border_color__hover_enabled=&#8221;off&#8221; button_two_border_color__hover_enabled=&#8221;off&#8221; button_border_radius__hover_enabled=&#8221;off&#8221; button_one_border_radius__hover_enabled=&#8221;off&#8221; button_two_border_radius__hover_enabled=&#8221;off&#8221; button_letter_spacing__hover_enabled=&#8221;off&#8221; button_one_letter_spacing__hover_enabled=&#8221;off&#8221; button_two_letter_spacing__hover_enabled=&#8221;off&#8221; button_bg_color__hover_enabled=&#8221;off&#8221; button_one_bg_color__hover_enabled=&#8221;off&#8221; button_two_bg_color__hover_enabled=&#8221;off&#8221;][\/et_pb_contact_field][et_pb_contact_field field_id=&#8221;Correo_electr\u00f3nico&#8221; field_title=&#8221;Correo electr\u00f3nico&#8221; field_type=&#8221;email&#8221; _builder_version=&#8221;4.17.3&#8243; global_colors_info=&#8221;{}&#8221; button_text_size__hover_enabled=&#8221;off&#8221; button_one_text_size__hover_enabled=&#8221;off&#8221; button_two_text_size__hover_enabled=&#8221;off&#8221; button_text_color__hover_enabled=&#8221;off&#8221; button_one_text_color__hover_enabled=&#8221;off&#8221; button_two_text_color__hover_enabled=&#8221;off&#8221; button_border_width__hover_enabled=&#8221;off&#8221; button_one_border_width__hover_enabled=&#8221;off&#8221; button_two_border_width__hover_enabled=&#8221;off&#8221; button_border_color__hover_enabled=&#8221;off&#8221; button_one_border_color__hover_enabled=&#8221;off&#8221; button_two_border_color__hover_enabled=&#8221;off&#8221; button_border_radius__hover_enabled=&#8221;off&#8221; button_one_border_radius__hover_enabled=&#8221;off&#8221; button_two_border_radius__hover_enabled=&#8221;off&#8221; button_letter_spacing__hover_enabled=&#8221;off&#8221; button_one_letter_spacing__hover_enabled=&#8221;off&#8221; button_two_letter_spacing__hover_enabled=&#8221;off&#8221; button_bg_color__hover_enabled=&#8221;off&#8221; button_one_bg_color__hover_enabled=&#8221;off&#8221; button_two_bg_color__hover_enabled=&#8221;off&#8221;][\/et_pb_contact_field][et_pb_contact_field field_id=&#8221;Mensaje&#8221; field_title=&#8221;Mensaje&#8221; field_type=&#8221;text&#8221; required_mark=&#8221;off&#8221; fullwidth_field=&#8221;on&#8221; _builder_version=&#8221;4.17.3&#8243; custom_padding=&#8221;||||false|false&#8221; global_colors_info=&#8221;{}&#8221; button_text_size__hover_enabled=&#8221;off&#8221; button_one_text_size__hover_enabled=&#8221;off&#8221; button_two_text_size__hover_enabled=&#8221;off&#8221; button_text_color__hover_enabled=&#8221;off&#8221; button_one_text_color__hover_enabled=&#8221;off&#8221; button_two_text_color__hover_enabled=&#8221;off&#8221; button_border_width__hover_enabled=&#8221;off&#8221; button_one_border_width__hover_enabled=&#8221;off&#8221; button_two_border_width__hover_enabled=&#8221;off&#8221; button_border_color__hover_enabled=&#8221;off&#8221; button_one_border_color__hover_enabled=&#8221;off&#8221; button_two_border_color__hover_enabled=&#8221;off&#8221; button_border_radius__hover_enabled=&#8221;off&#8221; button_one_border_radius__hover_enabled=&#8221;off&#8221; button_two_border_radius__hover_enabled=&#8221;off&#8221; button_letter_spacing__hover_enabled=&#8221;off&#8221; button_one_letter_spacing__hover_enabled=&#8221;off&#8221; button_two_letter_spacing__hover_enabled=&#8221;off&#8221; button_bg_color__hover_enabled=&#8221;off&#8221; button_one_bg_color__hover_enabled=&#8221;off&#8221; button_two_bg_color__hover_enabled=&#8221;off&#8221;][\/et_pb_contact_field][\/et_pb_contact_form][\/et_pb_column][et_pb_column type=&#8221;1_2&#8243; _builder_version=&#8221;4.17.3&#8243; _module_preset=&#8221;default&#8221; background_color=&#8221;#1A1A1A&#8221; background_image=&#8221;https:\/\/laensenadapolo.com\/wp-content\/uploads\/2022\/05\/TexturaContacto-1.png&#8221; custom_css_main_element=&#8221;display: flex;||flex-direction: column;||justify-content: flex-end;&#8221; global_colors_info=&#8221;{}&#8221;][dipi_image_hotspot img_src=&#8221;https:\/\/laensenadapolo.com\/wp-content\/uploads\/2022\/05\/Mapa-Buenos-Aires-1.png&#8221; disabled_on=&#8221;on|on|off&#8221; _builder_version=&#8221;4.17.4&#8243; _module_preset=&#8221;default&#8221; background_enable_image=&#8221;off&#8221; custom_margin_tablet=&#8221;&#8221; custom_margin_phone=&#8221;0px|0px|0px|0px|false|false&#8221; custom_margin_last_edited=&#8221;on|desktop&#8221; custom_padding_tablet=&#8221;&#8221; custom_padding_phone=&#8221;0px|0px|0px|0px|false|false&#8221; custom_padding_last_edited=&#8221;on|phone&#8221; global_colors_info=&#8221;{}&#8221;][dipi_image_hotspot_child title=&#8221;Luj\u00e1n &#8211; Buenos Aires&#8221; use_hotspot_icon=&#8221;on&#8221; hotspot_icon=&#8221;&#x5c;||divi||400&#8243; hotspot_icon_color=&#8221;#FFFFFF&#8221; hotspot_circle_icon=&#8221;on&#8221; hotspot_circle_color=&#8221;#FFFFFF&#8221; use_hotspot_icon_font_size=&#8221;on&#8221; hotspot_icon_size=&#8221;14px&#8221; hotspot_ripple_effect=&#8221;on&#8221; hotspot_ripple_effect_style=&#8221;style-2&#8243; hotspot_ripple_effect_color=&#8221;#FFFFFF&#8221; hotspot_position_vertical=&#8221;21%&#8221; hotspot_position_horizontal=&#8221;45%&#8221; tooltip_image_width=&#8221;221px&#8221; tooltip_bg=&#8221;RGBA(255,255,255,0)&#8221; tooltip_title=&#8221;Luj\u00e1n &#8211; Buenos Aires&#8221; tooltip_position=&#8221;right&#8221; _builder_version=&#8221;4.17.4&#8243; _module_preset=&#8221;default&#8221; tooltip_title_font=&#8221;TT Travels Medium|||on|||||&#8221; tooltip_title_text_color=&#8221;#FFFFFF&#8221; tooltip_title_font_size=&#8221;16px&#8221; border_color_all_tooltip_img=&#8221;#C34542&#8243; global_colors_info=&#8221;{}&#8221;][\/dipi_image_hotspot_child][\/dipi_image_hotspot][\/et_pb_column][\/et_pb_row][\/et_pb_section]<\/p>\n","protected":false},"excerpt":{"rendered":"<p>En La Ensenada, estamos comprometidos con la utilizaci\u00f3n de la tecnolog\u00eda m\u00e1s avanzada en todos nuestros procesos. Desde la cr\u00eda de caballos hasta el cuidado de los espacios, utilizamos tecnolog\u00eda de \u00faltima generaci\u00f3n para mejorar la eficiencia y la calidad de nuestro trabajo. Nos aseguramos de que nuestras instalaciones est\u00e9n equipadas con la \u00faltima tecnolog\u00eda.En La Ensenada, estamos comprometidos con la utilizaci\u00f3n de la tecnolog\u00eda m\u00e1s avanzada en todos nuestros procesos. Desde la cr\u00eda de caballos hasta el cuidado de los espacios, utilizamos tecnolog\u00eda de \u00faltima generaci\u00f3n para mejorar la eficiencia y la calidad de nuestro trabajo. Nos aseguramos de que nuestras instalaciones est\u00e9n equipadas con la \u00faltima tecnolog\u00eda.<div class=\"et_pb_module dipi_tile_scroll dipi_tile_scroll_0\">\n\t\t\t\t\n\t\t\t\t\n\t\t\t\t\n\t\t\t\t\n\t\t\t\t\n\t\t\t\t\n\t\t\t\t<div class=\"et_pb_module_inner\">\n\t\t\t\t\t<div class=\"dipi_tile_scroll_container  anim_direct_row anim_start_right\" data-config=\"{&quot;items_count&quot;:1,&quot;anim_direction&quot;:&quot;row&quot;,&quot;start_row_direction&quot;:&quot;right&quot;,&quot;start_col_direction&quot;:&quot;top&quot;,&quot;move_amount&quot;:&quot;100&quot;,&quot;rotate_angle&quot;:&quot;0&quot;}\">\n                <div class=\"dipi-tile-scroll-items\"><div class=\"et_pb_module dipi_tile_scroll_item dipi_tile_scroll_item_0\">\n\t\t\t\t\n\t\t\t\t\n\t\t\t\t\n\t\t\t\t\n\t\t\t\t\n\t\t\t\t\n\t\t\t\t<div class=\"et_pb_module_inner\">\n\t\t\t\t\t<div class=\"dipi_tile_scroll_item_container even\">\n        <div\n                class=\"dipi-tile-scroll__line-img\"\n                style=\"background-image:url(https:\/\/laensenadapolo.com\/wp-content\/uploads\/2023\/05\/5H0A5345-1-1.jpg)\"\n                loading=\"lazy\"\n              >\n              <\/div><div\n                class=\"dipi-tile-scroll__line-img\"\n                style=\"background-image:url(https:\/\/laensenadapolo.com\/wp-content\/uploads\/2023\/05\/5H0A6270.jpg)\"\n                loading=\"lazy\"\n              >\n              <\/div><div\n                class=\"dipi-tile-scroll__line-img\"\n                style=\"background-image:url(https:\/\/laensenadapolo.com\/wp-content\/uploads\/2023\/05\/7C2A4753.jpg)\"\n                loading=\"lazy\"\n              >\n              <\/div><div\n                class=\"dipi-tile-scroll__line-img\"\n                style=\"background-image:url(https:\/\/laensenadapolo.com\/wp-content\/uploads\/2023\/05\/IMG_6258.jpg)\"\n                loading=\"lazy\"\n              >\n              <\/div>\n      <\/div>\n      \n\t\t\t\t<\/div>\n\t\t\t<\/div><\/div>    \n                \n                \n            <\/div>\n            \n\t\t\t\t<\/div>\n\t\t\t<\/div>Centro de neonatolog\u00eda:\u00a0nos involucramos en cada etapa temprana del desarrollo. Brindamos una gesti\u00f3n integral desde el nacimiento hasta el destete, con atenci\u00f3n veterinaria especializada y protocolos personalizados para cada potrillo. Este enfoque permite detectar y tratar cualquier necesidad desde el inicio, asegurando que cada cr\u00eda se desarrolle en condiciones \u00f3ptimas. Los amplios espacios verdes completan un entorno ideal para su crecimiento f\u00edsico y social.ContactoPasi\u00f3n por lo que hacemos.Dejanos tu consulta.<div class=\"et_pb_module dipi_image_hotspot dipi_image_hotspot_0\">\n\t\t\t\t\n\t\t\t\t\n\t\t\t\t\n\t\t\t\t\n\t\t\t\t\n\t\t\t\t\n\t\t\t\t<div class=\"et_pb_module_inner\">\n\t\t\t\t\t\n\t\t\t<div class=\"dipi-image-hotspot dipi-trigger_on_click-off\" data-order-number=\"0\">\n\t\t\t\t<img decoding=\"async\" src=\"&#8221;http:\/\/laensenadapolo.com\/wp-content\/uploads\/2022\/05\/Mapa-Buenos-Aires-1.png&#8221;\" class=\"dipi-hotspot-bg-image-main\" alt=\"\">\n\t\t\t\t\n\t\t\t<\/div>\n\t\t\t\t<\/div>\n\t\t\t<\/div><\/p>","protected":false},"author":3,"featured_media":0,"parent":0,"menu_order":0,"comment_status":"closed","ping_status":"closed","template":"","meta":{"_acf_changed":false,"_et_pb_use_builder":"on","_et_pb_old_content":"","_et_gb_content_width":"","footnotes":""},"dipi_cpt_category":[],"class_list":["post-998","page","type-page","status-publish","hentry"],"acf":[],"_links":{"self":[{"href":"https:\/\/laensenadapolo.com\/en\/wp-json\/wp\/v2\/pages\/998","targetHints":{"allow":["GET"]}}],"collection":[{"href":"https:\/\/laensenadapolo.com\/en\/wp-json\/wp\/v2\/pages"}],"about":[{"href":"https:\/\/laensenadapolo.com\/en\/wp-json\/wp\/v2\/types\/page"}],"author":[{"embeddable":true,"href":"https:\/\/laensenadapolo.com\/en\/wp-json\/wp\/v2\/users\/3"}],"replies":[{"embeddable":true,"href":"https:\/\/laensenadapolo.com\/en\/wp-json\/wp\/v2\/comments?post=998"}],"version-history":[{"count":19,"href":"https:\/\/laensenadapolo.com\/en\/wp-json\/wp\/v2\/pages\/998\/revisions"}],"predecessor-version":[{"id":2450,"href":"https:\/\/laensenadapolo.com\/en\/wp-json\/wp\/v2\/pages\/998\/revisions\/2450"}],"wp:attachment":[{"href":"https:\/\/laensenadapolo.com\/en\/wp-json\/wp\/v2\/media?parent=998"}],"wp:term":[{"taxonomy":"dipi_cpt_category","embeddable":true,"href":"https:\/\/laensenadapolo.com\/en\/wp-json\/wp\/v2\/dipi_cpt_category?post=998"}],"curies":[{"name":"wp","href":"https:\/\/api.w.org\/{rel}","templated":true}]}}